{"id":1728,"date":"2017-05-12T09:03:15","date_gmt":"2017-05-12T09:03:15","guid":{"rendered":"http:\/\/www.doktoryilmazbay.com\/?page_id=1728"},"modified":"2025-08-09T06:13:18","modified_gmt":"2025-08-09T06:13:18","slug":"saglikli-besin-tarifleri","status":"publish","type":"page","link":"http:\/\/www.doktoryilmazbay.com\/saglikli-besin-tarifleri\/","title":{"rendered":"Sa\u011fl\u0131kl\u0131 Besin Tarifleri"},"content":{"rendered":"<div><\/div>\n<div><\/div>\n<table>\n<tbody>\n<tr>\n<td>\n<div><a href=\"http:\/\/www.doktoryilmazbay.com\/?p=1808\">Ac\u0131s\u0131z Tarhana<\/a><\/div>\n<\/td>\n<td>\n<div><a href=\"http:\/\/www.doktoryilmazbay.com\/?p=1859\">Etli Kar\u0131\u015f\u0131k Sebze<\/a><\/div>\n<\/td>\n<td>\n<div><a href=\"http:\/\/www.doktoryilmazbay.com\/?p=1915\">Pilav &amp; Makarna<\/a><\/div>\n<\/td>\n<\/tr>\n<tr>\n<td>\n<div><a href=\"http:\/\/www.doktoryilmazbay.com\/?p=1810\">Bahar \u00c7orbas\u0131<\/a><\/div>\n<\/td>\n<td>\n<div><a href=\"http:\/\/www.doktoryilmazbay.com\/?p=1861\">Etli Makarna<\/a><\/div>\n<\/td>\n<td>\n<div><a href=\"http:\/\/www.doktoryilmazbay.com\/?p=1917\">Pizza<\/a><\/div>\n<\/td>\n<\/tr>\n<tr>\n<td>\n<div><a href=\"http:\/\/www.doktoryilmazbay.com\/?p=1812\">Baklagiller<\/a><\/div>\n<\/td>\n<td>\n<div><a href=\"http:\/\/www.doktoryilmazbay.com\/?p=1863\">Etli Sebze \u00c7orbas\u0131<\/a><\/div>\n<\/td>\n<td>\n<div><a href=\"http:\/\/www.doktoryilmazbay.com\/?p=1920\">Re\u00e7el-Pekmez-Marmelat<\/a><\/div>\n<\/td>\n<\/tr>\n<tr>\n<td>\n<div><a href=\"http:\/\/www.doktoryilmazbay.com\/?p=1814\">Bal<\/a><\/div>\n<\/td>\n<td>\n<div><a href=\"http:\/\/www.doktoryilmazbay.com\/?p=1866\">F\u0131r\u0131nda Bal\u0131k K\u00f6ftesi<\/a><\/div>\n<\/td>\n<td>\n<div><a href=\"http:\/\/www.doktoryilmazbay.com\/?p=1923\">Salam-Sosis-Sucuk<\/a><\/div>\n<\/td>\n<\/tr>\n<tr>\n<td>\n<div><a href=\"http:\/\/www.doktoryilmazbay.com\/?p=1826\">Bal\u0131k<\/a><\/div>\n<\/td>\n<td>\n<div><a href=\"http:\/\/www.doktoryilmazbay.com\/?p=1868\">F\u0131r\u0131nda Parmak Bal\u0131k<\/a><\/div>\n<\/td>\n<td>\n<div><a href=\"http:\/\/www.doktoryilmazbay.com\/?p=1925\">Salatalar<\/a><\/div>\n<\/td>\n<\/tr>\n<tr>\n<td>\n<div><a href=\"http:\/\/www.doktoryilmazbay.com\/?p=1817\">Bal\u0131k Bu\u011fulama<\/a><\/div>\n<\/td>\n<td>\n<div><a href=\"http:\/\/www.doktoryilmazbay.com\/?p=1870\">F\u0131r\u0131nda Peynirli Yumurta<\/a><\/div>\n<\/td>\n<td>\n<div><a href=\"http:\/\/www.doktoryilmazbay.com\/?p=1927\">Sebze \u00c7orbas\u0131 Nas\u0131l Haz\u0131rlan\u0131r?\u00a0<\/a><\/div>\n<\/td>\n<\/tr>\n<tr>\n<td>\n<div><a href=\"http:\/\/www.doktoryilmazbay.com\/?p=1819\">Bal\u0131k \u00c7orbas\u0131<\/a><\/div>\n<\/td>\n<td>\n<div><a href=\"http:\/\/www.doktoryilmazbay.com\/?p=1872\">F\u0131r\u0131nda Sebzeli Et Sote<\/a><\/div>\n<\/td>\n<td>\n<div><a href=\"http:\/\/www.doktoryilmazbay.com\/?p=1929\">Sebze \u00c7orbas\u0131 (Mercimekli)<\/a><\/div>\n<\/td>\n<\/tr>\n<tr>\n<td>\n<div><a href=\"http:\/\/www.doktoryilmazbay.com\/?p=1822\">Bal\u0131k K\u00f6ftesi<\/a><\/div>\n<\/td>\n<td>\n<div><a href=\"http:\/\/www.doktoryilmazbay.com\/?p=1878\">Karaci\u011fer<\/a><\/div>\n<\/td>\n<td>\n<div><a href=\"http:\/\/www.doktoryilmazbay.com\/?p=1931\">Sebze \u00c7orbas\u0131 (Yo\u011furtlu)<\/a><\/div>\n<\/td>\n<\/tr>\n<tr>\n<td>\n<div><a href=\"http:\/\/www.doktoryilmazbay.com\/?p=1824\">Bal\u0131k P\u00fcresi<\/a><\/div>\n<\/td>\n<td>\n<div><a href=\"http:\/\/www.doktoryilmazbay.com\/?p=1880\">K\u00f6fte<\/a><\/div>\n<\/td>\n<td>\n<div><a href=\"http:\/\/www.doktoryilmazbay.com\/?p=1933\">Sebzeli F\u0131r\u0131n Makarna<\/a><\/div>\n<\/td>\n<\/tr>\n<tr>\n<td>\n<div><a href=\"http:\/\/www.doktoryilmazbay.com\/?p=1875\">Bal\u0131k (S\u00fctl\u00fc)<\/a><\/div>\n<\/td>\n<td>\n<div><a href=\"http:\/\/www.doktoryilmazbay.com\/?p=1883\">Krep<\/a><\/div>\n<\/td>\n<td>\n<div><a href=\"http:\/\/www.doktoryilmazbay.com\/?p=1935\">So\u011fan-Sar\u0131msak<\/a><\/div>\n<\/td>\n<\/tr>\n<tr>\n<td>\n<div><a href=\"http:\/\/www.doktoryilmazbay.com\/?p=1828\">Be\u015famel Sosu<\/a><\/div>\n<\/td>\n<td>\n<div><a href=\"http:\/\/www.doktoryilmazbay.com\/?p=1886\">Makarna\u00a0<\/a><\/div>\n<\/td>\n<td>\n<div><a href=\"http:\/\/www.doktoryilmazbay.com\/?p=1937\">Soslar<\/a><\/div>\n<\/td>\n<\/tr>\n<tr>\n<td>\n<div><a href=\"http:\/\/www.doktoryilmazbay.com\/?p=1831\">B\u00f6rek<\/a><\/div>\n<\/td>\n<td>\n<div><a href=\"http:\/\/www.doktoryilmazbay.com\/?p=1888\">Makarna (Ye\u015fil Soslu)<\/a><\/div>\n<\/td>\n<td>\n<div><a href=\"http:\/\/www.doktoryilmazbay.com\/?p=1940\">Tam S\u00fct<\/a><\/div>\n<\/td>\n<\/tr>\n<tr>\n<td>\n<div><a href=\"http:\/\/www.doktoryilmazbay.com\/?p=1833\">Bulgurlu Sebze \u00c7orbas\u0131<\/a><\/div>\n<\/td>\n<td>\n<div><a href=\"http:\/\/www.doktoryilmazbay.com\/?p=1890\">Meyve Lolipoplar\u0131<\/a><\/div>\n<\/td>\n<td>\n<div><a href=\"http:\/\/www.doktoryilmazbay.com\/?p=1942\">Tatl\u0131lar<\/a><\/div>\n<\/td>\n<\/tr>\n<tr>\n<td>\n<div><a href=\"http:\/\/www.doktoryilmazbay.com\/?p=1835\">\u00c7orbalar<\/a><\/div>\n<\/td>\n<td>\n<div><a href=\"http:\/\/www.doktoryilmazbay.com\/?p=1893\">Meyve Suyu Nas\u0131l Haz\u0131rlan\u0131r?\u00a0<\/a><\/div>\n<\/td>\n<td>\n<div><a href=\"http:\/\/www.doktoryilmazbay.com\/?p=1945\">Tavuk Eti<\/a><\/div>\n<\/td>\n<\/tr>\n<tr>\n<td>\n<div><a href=\"http:\/\/www.doktoryilmazbay.com\/?p=1838\">\u00c7\u00f6p G\u0131dalar<\/a><\/div>\n<\/td>\n<td>\n<div><a href=\"http:\/\/www.doktoryilmazbay.com\/?p=1896\">Meyveli Muhallebi<\/a><\/div>\n<\/td>\n<td>\n<div><a href=\"http:\/\/www.doktoryilmazbay.com\/?p=1949\">Tavuk (Patatesli)<\/a><\/div>\n<\/td>\n<\/tr>\n<tr>\n<td>\n<div><a href=\"http:\/\/www.doktoryilmazbay.com\/?p=1840\">Devam Mamal\u0131 Sebze \u00c7orbas\u0131<\/a><\/div>\n<\/td>\n<td>\n<div><a href=\"http:\/\/www.doktoryilmazbay.com\/?p=1898\">Meyveli Pankek<\/a><\/div>\n<\/td>\n<td>\n<div><a href=\"http:\/\/www.doktoryilmazbay.com\/?p=1947\">Tost-Sandvi\u00e7<\/a><\/div>\n<\/td>\n<\/tr>\n<tr>\n<td>\n<div><a href=\"http:\/\/www.doktoryilmazbay.com\/?p=1842\">Dolmalar<\/a><\/div>\n<\/td>\n<td>\n<div><a href=\"http:\/\/www.doktoryilmazbay.com\/?p=1901\">Muhallebi<\/a><\/div>\n<\/td>\n<td>\n<div><a href=\"http:\/\/www.doktoryilmazbay.com\/?p=1952\">Ya\u011flar<\/a><\/div>\n<\/td>\n<\/tr>\n<tr>\n<td>\n<div><a href=\"http:\/\/www.doktoryilmazbay.com\/?p=1845\">Domatesli Ekmek \u00c7orbas\u0131<\/a><\/div>\n<\/td>\n<td>\n<div><a href=\"http:\/\/www.doktoryilmazbay.com\/?p=1903\">Muz P\u00fcresi<\/a><\/div>\n<\/td>\n<td>\n<div><a href=\"http:\/\/www.doktoryilmazbay.com\/?p=1955\">Yo\u011furt Nas\u0131l Haz\u0131rlan\u0131r?\u00a0<\/a><\/div>\n<\/td>\n<\/tr>\n<tr>\n<td>\n<div><a href=\"http:\/\/www.doktoryilmazbay.com\/?p=1847\">Domatesli Yumurta<\/a><\/div>\n<\/td>\n<td>\n<div><a href=\"http:\/\/www.doktoryilmazbay.com\/?p=1906\">M\u00fccver<\/a><\/div>\n<\/td>\n<td>\n<div><a href=\"http:\/\/www.doktoryilmazbay.com\/?p=1957\">Yumurta Nas\u0131l Verilir?<\/a><\/div>\n<\/td>\n<\/tr>\n<tr>\n<td>\n<div><a href=\"http:\/\/www.doktoryilmazbay.com\/?p=1849\">Dondurma<\/a><\/div>\n<\/td>\n<td>\n<div><a href=\"http:\/\/www.doktoryilmazbay.com\/?p=1908\">Peynir<\/a><\/div>\n<\/td>\n<td>\n<div><a href=\"http:\/\/www.doktoryilmazbay.com\/?p=1959\">Yumurtal\u0131 Tatlar<\/a><\/div>\n<\/td>\n<\/tr>\n<tr>\n<td>\n<div><a href=\"http:\/\/www.doktoryilmazbay.com\/?p=1852\">Ekmek-Bisk\u00fcvi-Pasta-B\u00f6rek-Kek-<\/a><\/div>\n<div><a href=\"http:\/\/www.doktoryilmazbay.com\/?p=1852\">Po\u011fa\u00e7a-Kurabiye<\/a><\/div>\n<\/td>\n<td>\n<div><a href=\"http:\/\/www.doktoryilmazbay.com\/?p=1910\">P\u0131rasa (Havu\u00e7lu)<\/a><\/div>\n<\/td>\n<td><a href=\"http:\/\/www.doktoryilmazbay.com\/?p=2619\">Bebe Ekme\u011fi<\/a><\/td>\n<\/tr>\n<tr>\n<td>\n<div><a href=\"http:\/\/www.doktoryilmazbay.com\/?p=1854\">Etli Kabak Dolmas\u0131<\/a><\/div>\n<\/td>\n<td>\n<div><a href=\"http:\/\/www.doktoryilmazbay.com\/?p=1913\">P\u0131rasa (Mercimekli)<\/a><\/div>\n<\/td>\n<td><\/td>\n<\/tr>\n<\/tbody>\n<\/table>\n","protected":false},"excerpt":{"rendered":"<p>Ac\u0131s\u0131z Tarhana Etli Kar\u0131\u015f\u0131k Sebze Pilav &amp; Makarna Bahar \u00c7orbas\u0131 Etli Makarna Pizza Baklagiller Etli Sebze \u00c7orbas\u0131 Re\u00e7el-Pekmez-Marmelat Bal F\u0131r\u0131nda Bal\u0131k K\u00f6ftesi Salam-Sosis-Sucuk Bal\u0131k F\u0131r\u0131nda Parmak Bal\u0131k Salatalar Bal\u0131k Bu\u011fulama F\u0131r\u0131nda Peynirli Yumurta Sebze \u00c7orbas\u0131 Nas\u0131l Haz\u0131rlan\u0131r?\u00a0 Bal\u0131k \u00c7orbas\u0131 F\u0131r\u0131nda Sebzeli Et Sote Sebze \u00c7orbas\u0131 (Mercimekli) Bal\u0131k K\u00f6ftesi Karaci\u011fer Sebze<\/p>\n","protected":false},"author":1,"featured_media":0,"parent":0,"menu_order":0,"comment_status":"closed","ping_status":"closed","template":"","meta":{"_exactmetrics_skip_tracking":false,"_exactmetrics_sitenote_active":false,"_exactmetrics_sitenote_note":"","_exactmetrics_sitenote_category":0,"footnotes":""},"class_list":["post-1728","page","type-page","status-publish","hentry"],"_links":{"self":[{"href":"http:\/\/www.doktoryilmazbay.com\/wp-json\/wp\/v2\/pages\/1728","targetHints":{"allow":["GET"]}}],"collection":[{"href":"http:\/\/www.doktoryilmazbay.com\/wp-json\/wp\/v2\/pages"}],"about":[{"href":"http:\/\/www.doktoryilmazbay.com\/wp-json\/wp\/v2\/types\/page"}],"author":[{"embeddable":true,"href":"http:\/\/www.doktoryilmazbay.com\/wp-json\/wp\/v2\/users\/1"}],"replies":[{"embeddable":true,"href":"http:\/\/www.doktoryilmazbay.com\/wp-json\/wp\/v2\/comments?post=1728"}],"version-history":[{"count":25,"href":"http:\/\/www.doktoryilmazbay.com\/wp-json\/wp\/v2\/pages\/1728\/revisions"}],"predecessor-version":[{"id":2621,"href":"http:\/\/www.doktoryilmazbay.com\/wp-json\/wp\/v2\/pages\/1728\/revisions\/2621"}],"wp:attachment":[{"href":"http:\/\/www.doktoryilmazbay.com\/wp-json\/wp\/v2\/media?parent=1728"}],"curies":[{"name":"wp","href":"https:\/\/api.w.org\/{rel}","templated":true}]}}